{"id":121,"date":"2021-01-01T18:18:49","date_gmt":"2021-01-01T17:18:49","guid":{"rendered":"https:\/\/tobis-smart-radio.com\/tsr\/?page_id=121"},"modified":"2021-01-01T18:18:49","modified_gmt":"2021-01-01T17:18:49","slug":"impressum","status":"publish","type":"page","link":"https:\/\/tobis-smart-radio.com\/tsr\/impressum\/","title":{"rendered":"Impressum"},"content":{"rendered":"<p>Die folgenden Angaben entsprechen den Vorgaben von \u00a7 5 TMG:<\/p>\n<p>Tobias Kessel<br \/>\nKart\u00e4userhof 38<br \/>\n50678 K\u00f6ln<\/p>\n<h4>Kontaktdaten:<\/h4>\n<p>E-Mail-Adresse: tobi @ tobis-smart-radio.com<\/p>\n<h4>Haftung f\u00fcr Inhalte:<\/h4>\n<p>Im Sinne von \u00a7 7 Absatz 1 TMG bin ich f\u00fcr die eigenen Inhalte auf dieser Webseite verantwortlich. Durch \u00a7\u00a7 8 bis einschlie\u00dflich 10 TMG bin ich aber nicht verpflichtet, gespeicherte oder \u00fcbermittelte fremde Inhalte zu \u00fcberwachen oder diese auf Rechtswidrigkeit zu pr\u00fcfen. Das befreit mich jedoch nicht von der Pflicht, der Sperrung und Entfernung von Informationen nach geltenden Gesetzen nachzukommen.<\/p>\n","protected":false},"excerpt":{"rendered":"<p>Die folgenden Angaben entsprechen den Vorgaben von \u00a7 5 TMG: Tobias Kessel Kart\u00e4userhof 38 50678 K\u00f6ln Kontaktdaten: E-Mail-Adresse: tobi @ tobis-smart-radio.com Haftung f\u00fcr Inhalte: Im Sinne von \u00a7 7 Absatz 1 TMG bin ich f\u00fcr die eigenen Inhalte auf dieser Webseite verantwortlich. Durch \u00a7\u00a7 8 bis einschlie\u00dflich 10 TMG bin ich aber nicht verpflichtet, gespeicherte &hellip; <\/p>\n<p class=\"link-more\"><a href=\"https:\/\/tobis-smart-radio.com\/tsr\/impressum\/\" class=\"more-link\"><span class=\"screen-reader-text\">\u201eImpressum\u201c<\/span> weiterlesen<\/a><\/p>\n","protected":false},"author":1,"featured_media":0,"parent":0,"menu_order":0,"comment_status":"closed","ping_status":"closed","template":"","meta":{"footnotes":""},"class_list":["post-121","page","type-page","status-publish","hentry"],"_links":{"self":[{"href":"https:\/\/tobis-smart-radio.com\/tsr\/wp-json\/wp\/v2\/pages\/121","targetHints":{"allow":["GET"]}}],"collection":[{"href":"https:\/\/tobis-smart-radio.com\/tsr\/wp-json\/wp\/v2\/pages"}],"about":[{"href":"https:\/\/tobis-smart-radio.com\/tsr\/wp-json\/wp\/v2\/types\/page"}],"author":[{"embeddable":true,"href":"https:\/\/tobis-smart-radio.com\/tsr\/wp-json\/wp\/v2\/users\/1"}],"replies":[{"embeddable":true,"href":"https:\/\/tobis-smart-radio.com\/tsr\/wp-json\/wp\/v2\/comments?post=121"}],"version-history":[{"count":1,"href":"https:\/\/tobis-smart-radio.com\/tsr\/wp-json\/wp\/v2\/pages\/121\/revisions"}],"predecessor-version":[{"id":122,"href":"https:\/\/tobis-smart-radio.com\/tsr\/wp-json\/wp\/v2\/pages\/121\/revisions\/122"}],"wp:attachment":[{"href":"https:\/\/tobis-smart-radio.com\/tsr\/wp-json\/wp\/v2\/media?parent=121"}],"curies":[{"name":"wp","href":"https:\/\/api.w.org\/{rel}","templated":true}]}}