{"id":125,"date":"2021-01-03T10:17:47","date_gmt":"2021-01-03T09:17:47","guid":{"rendered":"https:\/\/tobis-smart-radio.com\/tsr\/?page_id=125"},"modified":"2021-01-03T13:40:58","modified_gmt":"2021-01-03T12:40:58","slug":"anleitung","status":"publish","type":"page","link":"https:\/\/tobis-smart-radio.com\/tsr\/anleitung\/","title":{"rendered":"Anleitung"},"content":{"rendered":"\n<p>Diese Anleitung beschreibt, wie du Tobis Smart Radio einrichtest und deinen pers\u00f6nlichen Sender erstellst und einstellst.<\/p>\n\n\n\n<p><strong>Einrichtung des Radios<\/strong><\/p>\n\n\n\n<p>Tobis Smart Radio ist eine Drittapp f\u00fcr Spotify. Um diese zu benutzen, ben\u00f6tigst du einen Spotify Premium Account. Wenn du einen Spotify Premium Account hast, kannst du starten, indem du im Men\u00fc auf den Reiter &#8222;Konfiguration&#8220; klickst. Alternativ klickst du <a href=\"https:\/\/tobis-smart-radio.com\/tsr\/konfiguration\/\">hier<\/a>. <\/p>\n\n\n\n<p>Zun\u00e4chst musst du der Anwendung diverse Rechte erteilen. Hast du die Rechte erteilt, wirst du auf die Einrichtungsseite weitergeleitet. Du siehst eine \u00dcbersicht deiner pers\u00f6nlichen Radio Sender. Da du nat\u00fcrlich selbst noch keinen Radio Sender konfiguriert hast, findest du nur einen Sender in der \u00dcbersicht: Den \u201eDemo Radio Sender\u201c.<\/p>\n\n\n\n<p>Wie du im Header der Einrichtungsseite sehen kannst, ist der \u201eDemo Radio Sender\u201c aktuell mit zwei Tracks zwischen den Podcasts eingestellt, aber ausgeschaltet. Wenn du m\u00f6chtest, kannst du ihn \u00fcber einen Klick auf den AN\/AUS-Schalter einschalten.<\/p>\n\n\n\n<figure class=\"wp-block-image size-large\"><img loading=\"lazy\" decoding=\"async\" width=\"1024\" height=\"866\" src=\"https:\/\/tobis-smart-radio.com\/tsr\/wp-content\/uploads\/2021\/01\/image-1024x866.png\" alt=\"\" class=\"wp-image-126\" srcset=\"https:\/\/tobis-smart-radio.com\/tsr\/wp-content\/uploads\/2021\/01\/image-1024x866.png 1024w, https:\/\/tobis-smart-radio.com\/tsr\/wp-content\/uploads\/2021\/01\/image-300x254.png 300w, https:\/\/tobis-smart-radio.com\/tsr\/wp-content\/uploads\/2021\/01\/image-768x650.png 768w, https:\/\/tobis-smart-radio.com\/tsr\/wp-content\/uploads\/2021\/01\/image.png 1213w\" sizes=\"auto, (max-width: 767px) 89vw, (max-width: 1000px) 54vw, (max-width: 1071px) 543px, 580px\" \/><\/figure>\n\n\n\n<p>Wenn du den Sender einschaltest, werden regelm\u00e4\u00dfig die neuen Folgen der im Sender definierten Podcasts in die aktuelle Wiedergabeliste eingef\u00fcgt, sodass deine Musik von Wortbeitr\u00e4gen unterbrochen wird. M\u00f6chtest du in Ruhe Musik h\u00f6ren, kannst du den Radio Modus an dieser Stelle wieder ausschalten.<\/p>\n\n\n\n<p><strong>Konfiguration deines ersten Senders<\/strong><\/p>\n\n\n\n<p>Um einen eigenen Sender zu erstellen, klickst du auf das Plus \u00fcber der Tabelle.<\/p>\n\n\n\n<figure class=\"wp-block-image size-large\"><img loading=\"lazy\" decoding=\"async\" width=\"1024\" height=\"457\" src=\"https:\/\/tobis-smart-radio.com\/tsr\/wp-content\/uploads\/2021\/01\/image-3-1024x457.png\" alt=\"\" class=\"wp-image-129\" srcset=\"https:\/\/tobis-smart-radio.com\/tsr\/wp-content\/uploads\/2021\/01\/image-3-1024x457.png 1024w, https:\/\/tobis-smart-radio.com\/tsr\/wp-content\/uploads\/2021\/01\/image-3-300x134.png 300w, https:\/\/tobis-smart-radio.com\/tsr\/wp-content\/uploads\/2021\/01\/image-3-768x343.png 768w, https:\/\/tobis-smart-radio.com\/tsr\/wp-content\/uploads\/2021\/01\/image-3.png 1211w\" sizes=\"auto, (max-width: 767px) 89vw, (max-width: 1000px) 54vw, (max-width: 1071px) 543px, 580px\" \/><\/figure>\n\n\n\n<p>Es \u00f6ffnet sich ein Popup, in dem du einen Programm Namen und eine Beschreibung festlegen kannst. Klickst du hier auf \u201eSpeichern\u201c, wird das neue Programm angelegt und erscheint in der Liste der Sender. Mit einem Klick auf den Eintrag f\u00fcr dein neues Programm navigierst du in die Einrichtungsseite f\u00fcr die Definition des Senders.<\/p>\n\n\n\n<figure class=\"wp-block-image size-large\"><img loading=\"lazy\" decoding=\"async\" width=\"354\" height=\"289\" src=\"https:\/\/tobis-smart-radio.com\/tsr\/wp-content\/uploads\/2021\/01\/image-5.png\" alt=\"\" class=\"wp-image-131\" srcset=\"https:\/\/tobis-smart-radio.com\/tsr\/wp-content\/uploads\/2021\/01\/image-5.png 354w, https:\/\/tobis-smart-radio.com\/tsr\/wp-content\/uploads\/2021\/01\/image-5-300x245.png 300w\" sizes=\"auto, (max-width: 354px) 100vw, 354px\" \/><figcaption>Popup zum Anlegen eines neuen Senders<\/figcaption><\/figure>\n\n\n\n<p>Im Header siehst du die Details deines Senders, darunter findet sich eine bislang leere Tabelle f\u00fcr die Podcasts, deren neuesten Ausgaben in dem Programm wiedergegeben werden sollen.<\/p>\n\n\n\n<p>Mit einem Klick auf das Plus \u00fcber dieser Tabelle kannst du einen neuen Podcast hinzuf\u00fcgen. Es \u00f6ffnet sich ein Popup, in dem du alle Podcasts siehst, denen du in Spotify folgst. M\u00f6chtest du einen Podcast zu deinem Sender hinzuf\u00fcgen, musst du ihm also bei Spotify folgen.<\/p>\n\n\n\n<figure class=\"wp-block-image size-large\"><img loading=\"lazy\" decoding=\"async\" width=\"1024\" height=\"757\" src=\"https:\/\/tobis-smart-radio.com\/tsr\/wp-content\/uploads\/2021\/01\/image-7-1024x757.png\" alt=\"\" class=\"wp-image-133\" srcset=\"https:\/\/tobis-smart-radio.com\/tsr\/wp-content\/uploads\/2021\/01\/image-7-1024x757.png 1024w, https:\/\/tobis-smart-radio.com\/tsr\/wp-content\/uploads\/2021\/01\/image-7-300x222.png 300w, https:\/\/tobis-smart-radio.com\/tsr\/wp-content\/uploads\/2021\/01\/image-7-768x568.png 768w, https:\/\/tobis-smart-radio.com\/tsr\/wp-content\/uploads\/2021\/01\/image-7.png 1029w\" sizes=\"auto, (max-width: 767px) 89vw, (max-width: 1000px) 54vw, (max-width: 1071px) 543px, 580px\" \/><figcaption>Um einen Podcasts einzubinden, musst du ihm zun\u00e4chst in Spotify folgen<\/figcaption><\/figure>\n\n\n\n<figure class=\"wp-block-image size-large\"><img loading=\"lazy\" decoding=\"async\" width=\"1024\" height=\"865\" src=\"https:\/\/tobis-smart-radio.com\/tsr\/wp-content\/uploads\/2021\/01\/image-8-1024x865.png\" alt=\"\" class=\"wp-image-134\" srcset=\"https:\/\/tobis-smart-radio.com\/tsr\/wp-content\/uploads\/2021\/01\/image-8-1024x865.png 1024w, https:\/\/tobis-smart-radio.com\/tsr\/wp-content\/uploads\/2021\/01\/image-8-300x253.png 300w, https:\/\/tobis-smart-radio.com\/tsr\/wp-content\/uploads\/2021\/01\/image-8-768x649.png 768w, https:\/\/tobis-smart-radio.com\/tsr\/wp-content\/uploads\/2021\/01\/image-8.png 1215w\" sizes=\"auto, (max-width: 767px) 89vw, (max-width: 1000px) 54vw, (max-width: 1071px) 543px, 580px\" \/><figcaption>Neuen Podcast zum Sender hinzuf\u00fcgen<\/figcaption><\/figure>\n\n\n\n<p>W\u00e4hle in dieser Liste den Podcast aus, den du deinem Programm hinzuf\u00fcgen m\u00f6chtest. Der Podcast wird ausgew\u00e4hlt und es werden im Popup die folgenden Konfigurationsm\u00f6glichkeiten angezeigt:<\/p>\n\n\n\n<figure class=\"wp-block-image size-large is-resized\"><img loading=\"lazy\" decoding=\"async\" src=\"https:\/\/tobis-smart-radio.com\/tsr\/wp-content\/uploads\/2021\/01\/image-10.png\" alt=\"\" class=\"wp-image-137\" width=\"387\" height=\"388\" srcset=\"https:\/\/tobis-smart-radio.com\/tsr\/wp-content\/uploads\/2021\/01\/image-10.png 385w, https:\/\/tobis-smart-radio.com\/tsr\/wp-content\/uploads\/2021\/01\/image-10-300x300.png 300w, https:\/\/tobis-smart-radio.com\/tsr\/wp-content\/uploads\/2021\/01\/image-10-150x150.png 150w, https:\/\/tobis-smart-radio.com\/tsr\/wp-content\/uploads\/2021\/01\/image-10-100x100.png 100w\" sizes=\"auto, (max-width: 387px) 100vw, 387px\" \/><figcaption>Konfigurationsm\u00f6glichkeiten f\u00fcr einen Podcast in einem Sender<\/figcaption><\/figure>\n\n\n\n<p><strong><em>Maximale Dauer (Sek):&nbsp;<\/em><\/strong>Hier gibst du an, wie lange die Podcast Folgen, die in deinem Programm in die Wiedergabeliste eingef\u00fcgt werden, sein d\u00fcrfen. Wenn du vor allem Musik h\u00f6ren m\u00f6chtest und nur zwischendrin die Nachrichten, st\u00f6rt es dich vielleicht, wenn zu lange Podcast Episoden in deiner Wiedergabeliste landen. Alle Episoden, die l\u00e4nger sind als hier von dir definiert, werden ignoriert und nicht deiner Wiedergabeliste hinzugef\u00fcgt.<\/p>\n\n\n\n<p><strong><em>Maximales Alter (Tage): <\/em><\/strong>Hier bestimmst du, wie alt die Folgen des Podcasts, die deiner Wiedergabeliste hinzugef\u00fcgt werden, maximal sein d\u00fcrfen. Nachrichten m\u00f6chtest du wahrscheinlich nur vom aktuellen Tag h\u00f6ren, kurze Hintergrundberichte d\u00fcrfen vielleicht ein paar Tage alt sein und aus einem Podcast mit kurzen Wissenshappen interessieren eventuell auch die Folgen, die bereits ein paar Monate alt sind. <\/p>\n\n\n\n<p><strong><em>Alte Folgen abspielen: <\/em><\/strong>Mit dieser Einstellung entscheidest du, ob immer nur die aktuellste Folge eines Podcasts oder auch alte Folgen im Zeitrahmen des zuvor definierten maximalen Alters eingespielt werden sollen. In einem Podcast mit aktuellen Nachrichten ist vermutlich immer nur die aktuellste Folge interessant. In einem Podcast, der in mehreren Folgen am Tag Hintergrundberichte zu unterschiedlichen Themen liefert, m\u00f6chtest du wahrscheinlich noch weitere Folgen h\u00f6ren.<\/p>\n\n\n\n<p>Wenn du deine Konfiguration eingestellt hast, klicke auf &#8222;Hinzuf\u00fcgen&#8220;. Der ausgew\u00e4hlte Podcast erscheint jetzt in der Liste und wenn du den erstellten Sender einschaltest, werden die Folgen dieses Podcasts wie von dir definiert der Wiedergabeliste hinzugef\u00fcgt.<\/p>\n\n\n\n<p>Wenn du den Podcast wieder aus dem Sender entfernen willst, klicke auf das X am Ende der Zeile. M\u00f6chtest du deine Konfiguration oder die Position des Podcasts in deinem Sender anpassen, kannst du dies, indem du auf den Stift vor dem X klickst.<\/p>\n\n\n\n<p><\/p>\n\n\n\n<p><strong>Sender einschalten<\/strong><\/p>\n\n\n\n<p>Wenn du deinen Sender mit den Podcasts deiner Wahl best\u00fcckt hast, kannst du ihn \u00fcber den Button &#8222;Sender einschalten&#8220; unten rechts einschalten. Es erscheint ein Dialog, in dem du angibst, wie viele Lieder du den zwischen den einzelnen Podcast Folgen h\u00f6ren willst. Definiere hier, wie oft die Musik f\u00fcr Wortbeitr\u00e4ge unterbrochen werden soll, und klicke auf &#8222;Einschalten&#8220;, um den Sender einzuschalten. <\/p>\n\n\n\n<figure class=\"wp-block-image size-large\"><img loading=\"lazy\" decoding=\"async\" width=\"1024\" height=\"865\" src=\"https:\/\/tobis-smart-radio.com\/tsr\/wp-content\/uploads\/2021\/01\/image-11-1024x865.png\" alt=\"\" class=\"wp-image-142\" srcset=\"https:\/\/tobis-smart-radio.com\/tsr\/wp-content\/uploads\/2021\/01\/image-11-1024x865.png 1024w, https:\/\/tobis-smart-radio.com\/tsr\/wp-content\/uploads\/2021\/01\/image-11-300x253.png 300w, https:\/\/tobis-smart-radio.com\/tsr\/wp-content\/uploads\/2021\/01\/image-11-768x649.png 768w, https:\/\/tobis-smart-radio.com\/tsr\/wp-content\/uploads\/2021\/01\/image-11.png 1215w\" sizes=\"auto, (max-width: 767px) 89vw, (max-width: 1000px) 54vw, (max-width: 1071px) 543px, 580px\" \/><figcaption>Sender einschalten<\/figcaption><\/figure>\n\n\n\n<p>Wenn du drei Tracks zwischen den Podcasts einstellst, pr\u00fcft das Programm nach der Wiedergabe von drei Liedern, ob f\u00fcr deine Podcast Konfiguration passende Inhalte verf\u00fcgbar sind. Ist dies der Fall, wird die aktuellste Folge zuerst eingespielt und anschlie\u00dfend wird deine Musik f\u00fcr die n\u00e4chsten drei Lieder fortgesetzt. Gibt es aktuell keine passende Podcast Folge, wird einfach weiter Musik gespielt, bis eine vorhanden ist.<\/p>\n\n\n\n<p>M\u00f6chtest du das Radio wieder ausschalten, klicke einfach in der ersten Seite wieder auf den AN\/AUS-Schalter.<\/p>\n\n\n\n<p><strong>Von Tobis Smart Radio abmelden und alle Daten l\u00f6schen<\/strong><\/p>\n\n\n\n<p>Wenn du dich von Tobis Smart Radio abmelden und alle Daten l\u00f6schen m\u00f6chtest, klicke auf den Button &#8222;Alle meine Daten l\u00f6schen&#8220;. Es erscheint eine Warnung, dass dies nicht r\u00fcckg\u00e4ngig gemacht werden kann. <\/p>\n\n\n\n<figure class=\"wp-block-image size-large\"><img loading=\"lazy\" decoding=\"async\" width=\"540\" height=\"161\" src=\"https:\/\/tobis-smart-radio.com\/tsr\/wp-content\/uploads\/2021\/01\/image-12.png\" alt=\"\" class=\"wp-image-144\" srcset=\"https:\/\/tobis-smart-radio.com\/tsr\/wp-content\/uploads\/2021\/01\/image-12.png 540w, https:\/\/tobis-smart-radio.com\/tsr\/wp-content\/uploads\/2021\/01\/image-12-300x89.png 300w\" sizes=\"auto, (max-width: 540px) 100vw, 540px\" \/><figcaption>Best\u00e4tigung des L\u00f6schens aller Daten<\/figcaption><\/figure>\n\n\n\n<p>Best\u00e4tigst du diese, werden alle Daten gel\u00f6scht. Ohne Ausnahme werden in der Datenbank alle Daten, die durch deine Nutzung gespeichert wurden, entfernt. Tobis Smart Radio hat demnach bereits keine M\u00f6glichkeit mehr, deine Spotify Kontoinformationen abzurufen oder \u00e4hnliches. <\/p>\n\n\n\n<p>Dennoch besteht rein technisch noch der Zugriff der App.  Damit du komplett aufr\u00e4umen kannst, erscheint eine Meldung, dass du in dein Spotify Profil weitergeleitet wirst, um auch technisch diesen Zugriff zu entfernen.<\/p>\n\n\n\n<figure class=\"wp-block-image size-large\"><img loading=\"lazy\" decoding=\"async\" width=\"937\" height=\"157\" src=\"https:\/\/tobis-smart-radio.com\/tsr\/wp-content\/uploads\/2021\/01\/image-13.png\" alt=\"\" class=\"wp-image-145\" srcset=\"https:\/\/tobis-smart-radio.com\/tsr\/wp-content\/uploads\/2021\/01\/image-13.png 937w, https:\/\/tobis-smart-radio.com\/tsr\/wp-content\/uploads\/2021\/01\/image-13-300x50.png 300w, https:\/\/tobis-smart-radio.com\/tsr\/wp-content\/uploads\/2021\/01\/image-13-768x129.png 768w\" sizes=\"auto, (max-width: 767px) 89vw, (max-width: 1000px) 54vw, (max-width: 1071px) 543px, 580px\" \/><figcaption>Nach dem L\u00f6schen aller Daten wirst du in dein Spotify Profil geleitet, damit du &#8222;Tobis Smart Radio&#8220; den Zugriff auf dein Profil wieder entziehen kannst.<\/figcaption><\/figure>\n\n\n\n<p>Nach dem Klick auf &#8222;OK&#8220; \u00f6ffnet sich deine Spotify Profilseite &#8222;Apps mit Zugriff auf deine Informationen in Spotify&#8220;. Klicke im Eintrag &#8222;Tobis Smart Radio&#8220; auf &#8222;Zugriff entfernen&#8220;, um die Abmeldung von Tobis Smart Radio zu finalisieren.<\/p>\n\n\n\n<figure class=\"wp-block-image size-large\"><img loading=\"lazy\" decoding=\"async\" width=\"1024\" height=\"732\" src=\"https:\/\/tobis-smart-radio.com\/tsr\/wp-content\/uploads\/2021\/01\/image-15-1024x732.png\" alt=\"\" class=\"wp-image-147\" srcset=\"https:\/\/tobis-smart-radio.com\/tsr\/wp-content\/uploads\/2021\/01\/image-15-1024x732.png 1024w, https:\/\/tobis-smart-radio.com\/tsr\/wp-content\/uploads\/2021\/01\/image-15-300x215.png 300w, https:\/\/tobis-smart-radio.com\/tsr\/wp-content\/uploads\/2021\/01\/image-15-768x549.png 768w, https:\/\/tobis-smart-radio.com\/tsr\/wp-content\/uploads\/2021\/01\/image-15.png 1172w\" sizes=\"auto, (max-width: 767px) 89vw, (max-width: 1000px) 54vw, (max-width: 1071px) 543px, 580px\" \/><figcaption>In deinem Spotify Profil kannst du den Zugriff f\u00fcr Tobis Smart Radio wieder entfernen. <\/figcaption><\/figure>\n\n\n\n<p><\/p>\n","protected":false},"excerpt":{"rendered":"<p>Diese Anleitung beschreibt, wie du Tobis Smart Radio einrichtest und deinen pers\u00f6nlichen Sender erstellst und einstellst. Einrichtung des Radios Tobis Smart Radio ist eine Drittapp f\u00fcr Spotify. Um diese zu benutzen, ben\u00f6tigst du einen Spotify Premium Account. Wenn du einen Spotify Premium Account hast, kannst du starten, indem du im Men\u00fc auf den Reiter &#8222;Konfiguration&#8220; &hellip; <\/p>\n<p class=\"link-more\"><a href=\"https:\/\/tobis-smart-radio.com\/tsr\/anleitung\/\" class=\"more-link\"><span class=\"screen-reader-text\">\u201eAnleitung\u201c<\/span> weiterlesen<\/a><\/p>\n","protected":false},"author":1,"featured_media":0,"parent":0,"menu_order":0,"comment_status":"closed","ping_status":"closed","template":"","meta":{"footnotes":""},"class_list":["post-125","page","type-page","status-publish","hentry"],"_links":{"self":[{"href":"https:\/\/tobis-smart-radio.com\/tsr\/wp-json\/wp\/v2\/pages\/125","targetHints":{"allow":["GET"]}}],"collection":[{"href":"https:\/\/tobis-smart-radio.com\/tsr\/wp-json\/wp\/v2\/pages"}],"about":[{"href":"https:\/\/tobis-smart-radio.com\/tsr\/wp-json\/wp\/v2\/types\/page"}],"author":[{"embeddable":true,"href":"https:\/\/tobis-smart-radio.com\/tsr\/wp-json\/wp\/v2\/users\/1"}],"replies":[{"embeddable":true,"href":"https:\/\/tobis-smart-radio.com\/tsr\/wp-json\/wp\/v2\/comments?post=125"}],"version-history":[{"count":12,"href":"https:\/\/tobis-smart-radio.com\/tsr\/wp-json\/wp\/v2\/pages\/125\/revisions"}],"predecessor-version":[{"id":162,"href":"https:\/\/tobis-smart-radio.com\/tsr\/wp-json\/wp\/v2\/pages\/125\/revisions\/162"}],"wp:attachment":[{"href":"https:\/\/tobis-smart-radio.com\/tsr\/wp-json\/wp\/v2\/media?parent=125"}],"curies":[{"name":"wp","href":"https:\/\/api.w.org\/{rel}","templated":true}]}}