{"id":5,"date":"2020-12-20T13:04:21","date_gmt":"2020-12-20T12:04:21","guid":{"rendered":"https:\/\/tobis-smart-radio.com\/tsr\/?page_id=5"},"modified":"2021-01-03T16:26:36","modified_gmt":"2021-01-03T15:26:36","slug":"gestalte-deine-website-mit-bloecken","status":"publish","type":"page","link":"https:\/\/tobis-smart-radio.com\/tsr\/","title":{"rendered":"Das Radio der Zukunft"},"content":{"rendered":"\n<p><strong>Du bist genervt, dass dein Radio immer noch \u00fcber Bundesliga quatscht, obwohl die Spannung seit Jahren raus? Du m\u00f6chtest Wissenschaftsnachrichten h\u00f6ren, interessierst dich aber nicht f\u00fcr langweilige Interviews mit Politikern?<\/strong><\/p>\n\n\n\n<p><strong>Du l\u00e4sst dich gerne \u00fcber das Radio informieren und unterhalten, dich nervt aber die immer gleiche Pop-Dudelei? Du m\u00f6chtest seri\u00f6se Nachrichten zwischen den Liedern deiner Playlists h\u00f6ren?<\/strong><\/p>\n\n\n\n<p><strong>Dann bist du reif f\u00fcr das Radio der Zukunft!<\/strong><\/p>\n\n\n\n<p><a href=\"https:\/\/tobis-smart-radio.com\/tsr\/konfiguration\/\">Jetzt starten<\/a><\/p>\n\n\n\n<figure class=\"wp-block-image size-large\"><img loading=\"lazy\" decoding=\"async\" width=\"555\" height=\"409\" src=\"https:\/\/tobis-smart-radio.com\/tsr\/wp-content\/uploads\/2021\/01\/image-18.png\" alt=\"\" class=\"wp-image-200\" srcset=\"https:\/\/tobis-smart-radio.com\/tsr\/wp-content\/uploads\/2021\/01\/image-18.png 555w, https:\/\/tobis-smart-radio.com\/tsr\/wp-content\/uploads\/2021\/01\/image-18-300x221.png 300w\" sizes=\"auto, (max-width: 555px) 100vw, 555px\" \/><\/figure>\n\n\n\n<div class=\"wp-block-columns is-layout-flex wp-container-core-columns-is-layout-9d6595d7 wp-block-columns-is-layout-flex\">\n<div class=\"wp-block-column is-layout-flow wp-block-column-is-layout-flow\" style=\"flex-basis:100%\"><\/div>\n<\/div>\n\n\n\n<p>Tobis Smart Radio erm\u00f6glicht dir, deine Nachrichten nach deinen W\u00fcnschen zusammenzustellen. Du entscheidest, welche Nachrichten aus welchen Quellen in deinem pers\u00f6nlichen Radio gespielt werden.<\/p>\n\n\n\n<p>Als Basis f\u00fcr Tobis Smart Radio dient Spotify. Hier spielst du wie gewohnt deine Musik, egal ob eine pers\u00f6nliche Playlist, ein K\u00fcnstler Radio oder deinen pers\u00f6nlichen Release Radar. Tobis Smart Radio sorgt nun daf\u00fcr, dass in der von dir definierten H\u00e4ufigkeit aktuelle Nachrichten oder andere Wortbeitr\u00e4ge eingespielt werden.<\/p>\n\n\n\n<p>Bei den eingespielten Wortbeitr\u00e4gen handelt es sich um Podcasts. Du definierst die Podcasts, aus denen du automatisch neue Folgen h\u00f6ren m\u00f6chtest, und erstellst eine Reihenfolge, nach der die Podcasts auf neue Folgen gepr\u00fcft werden sollen. Anschlie\u00dfend schaltest du deinen pers\u00f6nlichen Sender ein und gibst dabei an, wie viele Lieder du zwischen den Wortbeitr\u00e4gen h\u00f6ren m\u00f6chtest. Wenn du diese Anzahl an Lieder geh\u00f6rt hast, wird Tobis Smart Radio automatisch die aktuellste Folge deines Lieblingspodcasts einspielen.<\/p>\n\n\n\n<p>Starte jetzt und erstelle dir dein Radio der Zukunft!<\/p>\n\n\n\n<p><a href=\"https:\/\/tobis-smart-radio.com\/tsr\/konfiguration\/\">Jetzt starten<\/a><\/p>\n","protected":false},"excerpt":{"rendered":"<p>Du bist genervt, dass dein Radio immer noch \u00fcber Bundesliga quatscht, obwohl die Spannung seit Jahren raus? Du m\u00f6chtest Wissenschaftsnachrichten h\u00f6ren, interessierst dich aber nicht f\u00fcr langweilige Interviews mit Politikern? Du l\u00e4sst dich gerne \u00fcber das Radio informieren und unterhalten, dich nervt aber die immer gleiche Pop-Dudelei? Du m\u00f6chtest seri\u00f6se Nachrichten zwischen den Liedern deiner &hellip; <\/p>\n<p class=\"link-more\"><a href=\"https:\/\/tobis-smart-radio.com\/tsr\/\" class=\"more-link\"><span class=\"screen-reader-text\">\u201eDas Radio der Zukunft\u201c<\/span> weiterlesen<\/a><\/p>\n","protected":false},"author":1,"featured_media":0,"parent":0,"menu_order":0,"comment_status":"closed","ping_status":"closed","template":"","meta":{"footnotes":""},"class_list":["post-5","page","type-page","status-publish","hentry"],"_links":{"self":[{"href":"https:\/\/tobis-smart-radio.com\/tsr\/wp-json\/wp\/v2\/pages\/5","targetHints":{"allow":["GET"]}}],"collection":[{"href":"https:\/\/tobis-smart-radio.com\/tsr\/wp-json\/wp\/v2\/pages"}],"about":[{"href":"https:\/\/tobis-smart-radio.com\/tsr\/wp-json\/wp\/v2\/types\/page"}],"author":[{"embeddable":true,"href":"https:\/\/tobis-smart-radio.com\/tsr\/wp-json\/wp\/v2\/users\/1"}],"replies":[{"embeddable":true,"href":"https:\/\/tobis-smart-radio.com\/tsr\/wp-json\/wp\/v2\/comments?post=5"}],"version-history":[{"count":10,"href":"https:\/\/tobis-smart-radio.com\/tsr\/wp-json\/wp\/v2\/pages\/5\/revisions"}],"predecessor-version":[{"id":201,"href":"https:\/\/tobis-smart-radio.com\/tsr\/wp-json\/wp\/v2\/pages\/5\/revisions\/201"}],"wp:attachment":[{"href":"https:\/\/tobis-smart-radio.com\/tsr\/wp-json\/wp\/v2\/media?parent=5"}],"curies":[{"name":"wp","href":"https:\/\/api.w.org\/{rel}","templated":true}]}}